{"id":4190,"date":"2024-06-11T09:19:17","date_gmt":"2024-06-11T07:19:17","guid":{"rendered":"https:\/\/www.evolvsys.com\/automotive\/"},"modified":"2024-08-23T09:20:33","modified_gmt":"2024-08-23T07:20:33","slug":"automotive","status":"publish","type":"page","link":"https:\/\/www.evolvsys.com\/en\/branchenfokus\/automotive\/","title":{"rendered":"Automotive"},"content":{"rendered":"<div class=\"wpb-content-wrapper\"><p>[vc_row row_height_percent=&#8221;0&#8243; override_padding=&#8221;yes&#8221; h_padding=&#8221;2&#8243; top_padding=&#8221;1&#8243; bottom_padding=&#8221;3&#8243; overlay_color=&#8221;color-xsdn&#8221; overlay_alpha=&#8221;95&#8243; gutter_size=&#8221;3&#8243; column_width_percent=&#8221;100&#8243; shift_y=&#8221;0&#8243; z_index=&#8221;0&#8243; uncode_shortcode_id=&#8221;853727&#8243; overlay_color_type=&#8221;uncode-palette&#8221; row_name=&#8221;Revolution\u00e4re Entwicklungen&#8221; el_id=&#8221;revolutionaere-entwicklungen&#8221;][vc_column column_width_percent=&#8221;100&#8243; align_horizontal=&#8221;align_center&#8221; gutter_size=&#8221;3&#8243; overlay_alpha=&#8221;50&#8243; shift_x=&#8221;0&#8243; shift_y=&#8221;0&#8243; shift_y_down=&#8221;0&#8243; z_index=&#8221;0&#8243; medium_width=&#8221;0&#8243; mobile_width=&#8221;0&#8243; uncode_shortcode_id=&#8221;166486&#8243;][vc_empty_space empty_h=&#8221;1&#8243; medium_visibility=&#8221;yes&#8221; mobile_visibility=&#8221;yes&#8221;][vc_empty_space empty_h=&#8221;1&#8243; desktop_visibility=&#8221;yes&#8221;][vc_row_inner row_inner_height_percent=&#8221;0&#8243; overlay_alpha=&#8221;50&#8243; equal_height=&#8221;yes&#8221; gutter_size=&#8221;4&#8243; shift_y=&#8221;0&#8243; z_index=&#8221;0&#8243; uncode_shortcode_id=&#8221;146447&#8243;][vc_column_inner column_width_percent=&#8221;100&#8243; align_horizontal=&#8221;align_center&#8221; gutter_size=&#8221;0&#8243; overlay_alpha=&#8221;50&#8243; shift_x=&#8221;0&#8243; shift_y=&#8221;0&#8243; shift_y_down=&#8221;0&#8243; z_index=&#8221;0&#8243; align_medium=&#8221;align_center_tablet&#8221; medium_width=&#8221;0&#8243; align_mobile=&#8221;align_center_mobile&#8221; mobile_width=&#8221;0&#8243; width=&#8221;1\/1&#8243; uncode_shortcode_id=&#8221;121517&#8243;][vc_empty_space empty_h=&#8221;0&#8243;][vc_custom_heading text_font=&#8221;font-142635&#8243; text_size=&#8221;h1&#8243; text_weight=&#8221;300&#8243; text_height=&#8221;fontheight-128313&#8243; uncode_shortcode_id=&#8221;484169&#8243;]<span class=\"NormalTextRun SpellingErrorV2Themed SCXW201766306 BCX8\">Revolutionary<\/span> <span class=\"NormalTextRun SpellingErrorV2Themed SCXW201766306 BCX8\">d<\/span><span class=\"NormalTextRun SpellingErrorV2Themed SCXW201766306 BCX8\">evelopments<\/span>[\/vc_custom_heading][vc_empty_space empty_h=&#8221;0&#8243;][vc_empty_space empty_h=&#8221;0&#8243;][vc_separator sep_color=&#8221;color-117980&#8243; uncode_shortcode_id=&#8221;848057&#8243; sep_color_type=&#8221;uncode-palette&#8221; el_width=&#8221;100px&#8221; el_height=&#8221;1.5px&#8221;][vc_empty_space empty_h=&#8221;1&#8243;][vc_column_text uncode_shortcode_id=&#8221;979913&#8243; el_class=&#8221;justi&#8221;]<span data-contrast=\"auto\">The future of the automotive and mobility industry is marked by continuous changes, whether through <strong>electrification<\/strong>, <strong>self-driving vehicles<\/strong>, or the integration of vehicles into a comprehensive network.<\/span><span data-ccp-props=\"{}\">\u00a0<\/span><\/p>\n<p><span data-contrast=\"auto\">In these dynamic times, the evolving systems consulting GmbH is your reliable partner. With our extensive <strong>expertise in the automotive and mobility industry<\/strong>, we offer tailor-made solutions that are precisely aligned with the specific needs of your company.<\/span><span data-ccp-props=\"{&quot;335559685&quot;:1820}\">\u00a0<\/span><\/p>\n<p><span data-contrast=\"auto\">We support you in leveraging innovative technologies and digital transformation to develop groundbreaking products and services and to strengthen your competitive advantage. Our extensive experience in software development, data analysis, AI integration, as well as in traditional and agile project management methods, makes us a vital partner for companies seeking sustainable and revolutionary solutions.<\/span><span data-ccp-props=\"{&quot;335559685&quot;:1820}\">\u00a0<\/span>[\/vc_column_text][vc_empty_space empty_h=&#8221;2&#8243;][vc_button hover_fx=&#8221;outlined&#8221; text_skin=&#8221;yes&#8221; custom_typo=&#8221;yes&#8221; font_family=&#8221;font-977949&#8243; font_weight=&#8221;300&#8243; border_width=&#8221;0&#8243; icon_position=&#8221;right&#8221; scale_mobile=&#8221;no&#8221; uncode_shortcode_id=&#8221;157534&#8243; icon=&#8221;fa fa-chevron-right3&#8243; link=&#8221;url:%2Fen%2Fkontakt%2F|title:Kommen%20Sie%20mit%20uns%20ins%20Gespr%C3%A4ch&#8221;]Talk to us[\/vc_button][\/vc_column_inner][\/vc_row_inner][\/vc_column][\/vc_row][vc_row row_height_percent=&#8221;0&#8243; override_padding=&#8221;yes&#8221; h_padding=&#8221;2&#8243; top_padding=&#8221;1&#8243; bottom_padding=&#8221;3&#8243; back_color=&#8221;color-236197&#8243; back_image=&#8221;2574&#8243; back_attachment=&#8221;fixed&#8221; overlay_color=&#8221;color-jevc&#8221; overlay_alpha=&#8221;83&#8243; gutter_size=&#8221;3&#8243; column_width_percent=&#8221;100&#8243; shift_y=&#8221;0&#8243; z_index=&#8221;0&#8243; uncode_shortcode_id=&#8221;609869&#8243; overlay_color_type=&#8221;uncode-palette&#8221; row_name=&#8221;Ma\u00dfgeschneiderte Mobilit\u00e4tsl\u00f6sungen&#8221; el_id=&#8221;ma\u00dfgeschneiderte-mobilit\u00e4tsloesungen&#8221; back_color_type=&#8221;uncode-palette&#8221;][vc_column column_width_percent=&#8221;100&#8243; align_horizontal=&#8221;align_center&#8221; gutter_size=&#8221;3&#8243; overlay_alpha=&#8221;50&#8243; shift_x=&#8221;0&#8243; shift_y=&#8221;0&#8243; shift_y_down=&#8221;0&#8243; z_index=&#8221;0&#8243; medium_width=&#8221;0&#8243; mobile_width=&#8221;0&#8243; uncode_shortcode_id=&#8221;182865&#8243;][vc_empty_space empty_h=&#8221;2&#8243; medium_visibility=&#8221;yes&#8221; mobile_visibility=&#8221;yes&#8221;][vc_empty_space empty_h=&#8221;0&#8243; desktop_visibility=&#8221;yes&#8221;][vc_row_inner row_inner_height_percent=&#8221;0&#8243; overlay_alpha=&#8221;50&#8243; equal_height=&#8221;yes&#8221; gutter_size=&#8221;4&#8243; shift_y=&#8221;0&#8243; z_index=&#8221;0&#8243; inverted_device_order=&#8221;yes&#8221; uncode_shortcode_id=&#8221;111878&#8243;][vc_column_inner column_width_percent=&#8221;100&#8243; align_horizontal=&#8221;align_center&#8221; gutter_size=&#8221;0&#8243; style=&#8221;dark&#8221; overlay_alpha=&#8221;50&#8243; shift_x=&#8221;0&#8243; shift_y=&#8221;0&#8243; shift_y_down=&#8221;0&#8243; z_index=&#8221;0&#8243; align_medium=&#8221;align_center_tablet&#8221; medium_width=&#8221;0&#8243; align_mobile=&#8221;align_center_mobile&#8221; mobile_width=&#8221;0&#8243; width=&#8221;1\/1&#8243; uncode_shortcode_id=&#8221;418300&#8243;][vc_custom_heading heading_semantic=&#8221;h3&#8243; text_font=&#8221;font-142635&#8243; text_weight=&#8221;300&#8243; text_height=&#8221;fontheight-128313&#8243; uncode_shortcode_id=&#8221;612909&#8243;]<span class=\"NormalTextRun SpellingErrorV2Themed SCXW4383775 BCX8\">Tailored<\/span> <span class=\"NormalTextRun SpellingErrorV2Themed SpellingErrorHighlight SCXW4383775 BCX8\">m<\/span><span class=\"NormalTextRun SpellingErrorV2Themed SpellingErrorHighlight SCXW4383775 BCX8\">obility<\/span> <span class=\"NormalTextRun SpellingErrorV2Themed SCXW4383775 BCX8\">s<\/span><span class=\"NormalTextRun SpellingErrorV2Themed SCXW4383775 BCX8\">olutions<\/span>[\/vc_custom_heading][vc_empty_space empty_h=&#8221;0&#8243;][vc_empty_space empty_h=&#8221;0&#8243;][vc_separator sep_color=&#8221;color-xsdn&#8221; uncode_shortcode_id=&#8221;338449&#8243; sep_color_type=&#8221;uncode-palette&#8221; el_width=&#8221;100px&#8221; el_height=&#8221;1.5px&#8221;][vc_empty_space empty_h=&#8221;1&#8243;][vc_column_text uncode_shortcode_id=&#8221;123575&#8243; el_class=&#8221;justi&#8221;]<span class=\"TextRun Highlight SCXW139683955 BCX8\" lang=\"EN-US\" xml:lang=\"EN-US\" data-contrast=\"none\"><span class=\"NormalTextRun SCXW139683955 BCX8\">From the development of intelligent <strong>mobility solutions<\/strong> to the implementation of <strong>proactive maintenance technologies<\/strong>, our tailored consulting services help you stay one step ahead of the industry&#8217;s challenges. The evolving systems consulting GmbH leads the way in shaping the future of mobility. Our strength lies in digital transformation, where we employ both traditional and agile project management methods to <\/span><span class=\"NormalTextRun SCXW139683955 BCX8\">optimize<\/span><span class=\"NormalTextRun SCXW139683955 BCX8\"> your business processes and enhance your innovation <\/span><span class=\"NormalTextRun SCXW139683955 BCX8\">capacity<\/span><span class=\"NormalTextRun SCXW139683955 BCX8\">. Our <\/span><span class=\"NormalTextRun SCXW139683955 BCX8\">expertise<\/span><span class=\"NormalTextRun SCXW139683955 BCX8\"> in AI, data analysis, and software enables us to secure <\/span><span class=\"NormalTextRun ContextualSpellingAndGrammarErrorV2Themed SCXW139683955 BCX8\">your<\/span><span class=\"NormalTextRun SCXW139683955 BCX8\"> success in this dynamic industry.<\/span><\/span><span class=\"EOP SCXW139683955 BCX8\" data-ccp-props=\"{}\">\u00a0<\/span>[\/vc_column_text][vc_empty_space empty_h=&#8221;1&#8243;][\/vc_column_inner][\/vc_row_inner][\/vc_column][\/vc_row][vc_row row_height_percent=&#8221;0&#8243; override_padding=&#8221;yes&#8221; h_padding=&#8221;2&#8243; top_padding=&#8221;1&#8243; bottom_padding=&#8221;3&#8243; overlay_alpha=&#8221;95&#8243; gutter_size=&#8221;3&#8243; column_width_percent=&#8221;100&#8243; shift_y=&#8221;0&#8243; z_index=&#8221;0&#8243; uncode_shortcode_id=&#8221;107311&#8243; row_name=&#8221;Ihr Partner&#8221; el_id=&#8221;ihr-partner&#8221;][vc_column column_width_percent=&#8221;100&#8243; align_horizontal=&#8221;align_center&#8221; gutter_size=&#8221;3&#8243; overlay_alpha=&#8221;50&#8243; shift_x=&#8221;0&#8243; shift_y=&#8221;0&#8243; shift_y_down=&#8221;0&#8243; z_index=&#8221;0&#8243; medium_width=&#8221;0&#8243; mobile_width=&#8221;0&#8243; uncode_shortcode_id=&#8221;163701&#8243;][vc_empty_space empty_h=&#8221;2&#8243; medium_visibility=&#8221;yes&#8221; mobile_visibility=&#8221;yes&#8221;][vc_empty_space empty_h=&#8221;0&#8243; desktop_visibility=&#8221;yes&#8221;][vc_row_inner row_inner_height_percent=&#8221;0&#8243; overlay_alpha=&#8221;50&#8243; equal_height=&#8221;yes&#8221; gutter_size=&#8221;4&#8243; shift_y=&#8221;0&#8243; z_index=&#8221;0&#8243; inverted_device_order=&#8221;yes&#8221; uncode_shortcode_id=&#8221;111878&#8243;][vc_column_inner column_width_percent=&#8221;100&#8243; align_horizontal=&#8221;align_center&#8221; gutter_size=&#8221;0&#8243; overlay_alpha=&#8221;50&#8243; shift_x=&#8221;0&#8243; shift_y=&#8221;0&#8243; shift_y_down=&#8221;0&#8243; z_index=&#8221;0&#8243; align_medium=&#8221;align_center_tablet&#8221; medium_width=&#8221;0&#8243; align_mobile=&#8221;align_center_mobile&#8221; mobile_width=&#8221;0&#8243; width=&#8221;1\/1&#8243; uncode_shortcode_id=&#8221;173940&#8243;][vc_custom_heading heading_semantic=&#8221;h3&#8243; text_font=&#8221;font-142635&#8243; text_weight=&#8221;300&#8243; text_height=&#8221;fontheight-128313&#8243; uncode_shortcode_id=&#8221;228238&#8243;]<span class=\"TextRun Highlight SCXW231758643 BCX8\" lang=\"EN-US\" xml:lang=\"EN-US\" data-contrast=\"none\"><span class=\"NormalTextRun SCXW231758643 BCX8\">Your partner on the journey<br \/>\n<\/span><\/span><span class=\"TextRun Highlight SCXW231758643 BCX8\" lang=\"EN-US\" xml:lang=\"EN-US\" data-contrast=\"none\"><span class=\"NormalTextRun SCXW231758643 BCX8\"> towards a new era of mobility.<\/span><\/span>[\/vc_custom_heading][vc_empty_space empty_h=&#8221;0&#8243;][vc_empty_space empty_h=&#8221;0&#8243;][vc_separator sep_color=&#8221;color-117980&#8243; uncode_shortcode_id=&#8221;848057&#8243; sep_color_type=&#8221;uncode-palette&#8221; el_width=&#8221;100px&#8221; el_height=&#8221;1.5px&#8221;][vc_empty_space empty_h=&#8221;1&#8243;][vc_column_text uncode_shortcode_id=&#8221;116377&#8243; el_class=&#8221;justi&#8221;]<span data-contrast=\"auto\">We are your partner for the development of intelligent platforms and connected services that pave the way into a new era of mobility.<\/span><span data-ccp-props=\"{}\">\u00a0<\/span><\/p>\n<p><span data-contrast=\"auto\">Let&#8217;s start a conversation and discover how evolving systems consulting GmbH can assist you in addressing the current challenges of the automotive and mobility industry.<\/span><span data-ccp-props=\"{&quot;335559685&quot;:1820}\">\u00a0<\/span>[\/vc_column_text][vc_empty_space empty_h=&#8221;1&#8243;][\/vc_column_inner][\/vc_row_inner][vc_row_inner][vc_column_inner column_width_percent=&#8221;100&#8243; position_vertical=&#8221;middle&#8221; align_horizontal=&#8221;align_center&#8221; gutter_size=&#8221;2&#8243; overlay_alpha=&#8221;50&#8243; shift_x=&#8221;0&#8243; shift_y=&#8221;0&#8243; shift_y_down=&#8221;0&#8243; z_index=&#8221;0&#8243; align_medium=&#8221;align_center_tablet&#8221; medium_width=&#8221;0&#8243; align_mobile=&#8221;align_center_mobile&#8221; mobile_width=&#8221;0&#8243; width=&#8221;1\/3&#8243; uncode_shortcode_id=&#8221;135289&#8243;][\/vc_column_inner][vc_column_inner column_width_percent=&#8221;100&#8243; position_vertical=&#8221;middle&#8221; gutter_size=&#8221;3&#8243; overlay_alpha=&#8221;50&#8243; shift_x=&#8221;0&#8243; shift_y=&#8221;0&#8243; shift_y_down=&#8221;0&#8243; z_index=&#8221;0&#8243; medium_width=&#8221;0&#8243; mobile_width=&#8221;0&#8243; width=&#8221;1\/3&#8243; uncode_shortcode_id=&#8221;625758&#8243;][vc_icon position=&#8221;left&#8221; icon_image=&#8221;4713&#8243; media_size=&#8221;100&#8243; heading_semantic=&#8221;p&#8221; text_font=&#8221;font-142635&#8243; text_size=&#8221;&#8221; text_weight=&#8221;600&#8243; text_height=&#8221;fontheight-960021&#8243; text_lead=&#8221;small&#8221; uncode_shortcode_id=&#8221;966457&#8243; title=&#8221;Norbert Gabriel&#8221;]Manager<br \/>\nTel.: \u00a0<a href=\"tel:+4915228279590\">+49 152 282 795 77<\/a>[\/vc_icon][\/vc_column_inner][vc_column_inner width=&#8221;1\/3&#8243;][\/vc_column_inner][\/vc_row_inner][\/vc_column][\/vc_row][vc_row row_height_percent=&#8221;0&#8243; override_padding=&#8221;yes&#8221; h_padding=&#8221;2&#8243; top_padding=&#8221;2&#8243; bottom_padding=&#8221;2&#8243; back_color=&#8221;color-lxmt&#8221; overlay_alpha=&#8221;100&#8243; gutter_size=&#8221;3&#8243; column_width_percent=&#8221;100&#8243; shift_y=&#8221;0&#8243; z_index=&#8221;0&#8243; uncode_shortcode_id=&#8221;213111&#8243; back_color_type=&#8221;uncode-palette&#8221; el_id=&#8221;schnicky&#8221;][vc_column column_width_percent=&#8221;100&#8243; position_vertical=&#8221;middle&#8221; align_horizontal=&#8221;align_center&#8221; gutter_size=&#8221;3&#8243; overlay_alpha=&#8221;50&#8243; shift_x=&#8221;0&#8243; shift_y=&#8221;0&#8243; shift_y_down=&#8221;0&#8243; z_index=&#8221;0&#8243; medium_width=&#8221;0&#8243; mobile_width=&#8221;0&#8243; uncode_shortcode_id=&#8221;178093&#8243;][uncode_breadcrumbs text_lead=&#8221;small&#8221; separator=&#8221;pipe&#8221;][\/vc_column][\/vc_row]<\/p>\n<\/div>","protected":false},"excerpt":{"rendered":"<p>[vc_row row_height_percent=&#8221;0&#8243; override_padding=&#8221;yes&#8221; h_padding=&#8221;2&#8243; top_padding=&#8221;1&#8243; bottom_padding=&#8221;3&#8243; overlay_color=&#8221;color-xsdn&#8221; overlay_alpha=&#8221;95&#8243; gutter_size=&#8221;3&#8243; column_width_percent=&#8221;100&#8243; shift_y=&#8221;0&#8243; z_index=&#8221;0&#8243; uncode_shortcode_id=&#8221;853727&#8243; overlay_color_type=&#8221;uncode-palette&#8221; row_name=&#8221;Revolution\u00e4re Entwicklungen&#8221; el_id=&#8221;revolutionaere-entwicklungen&#8221;][vc_column column_width_percent=&#8221;100&#8243; align_horizontal=&#8221;align_center&#8221; gutter_size=&#8221;3&#8243; [&hellip;]<\/p>\n","protected":false},"author":4,"featured_media":4082,"parent":4207,"menu_order":0,"comment_status":"closed","ping_status":"closed","template":"","meta":{"_acf_changed":false,"inline_featured_image":false,"footnotes":""},"class_list":["post-4190","page","type-page","status-publish","has-post-thumbnail","hentry"],"acf":[],"yoast_head":"<!-- This site is optimized with the Yoast SEO plugin v27.5 - https:\/\/yoast.com\/product\/yoast-seo-wordpress\/ -->\n<title>Automotive: Entwicklung in der Automobilbranche- esc<\/title>\n<meta name=\"description\" content=\"Automotive: Entwicklung intelligenter Plattformen und vernetzter Dienstleistungen in der Automobil- und Mobilit\u00e4tsbranche\" \/>\n<meta name=\"robots\" content=\"index, follow, max-snippet:-1, max-image-preview:large, max-video-preview:-1\" \/>\n<link rel=\"canonical\" href=\"https:\/\/www.evolvsys.com\/en\/branchenfokus\/automotive\/\" \/>\n<meta property=\"og:locale\" content=\"en_US\" \/>\n<meta property=\"og:type\" content=\"article\" \/>\n<meta property=\"og:title\" content=\"Automotive: Entwicklung in der Automobilbranche- esc\" \/>\n<meta property=\"og:description\" content=\"Automotive: Entwicklung intelligenter Plattformen und vernetzter Dienstleistungen in der Automobil- und Mobilit\u00e4tsbranche\" \/>\n<meta property=\"og:url\" content=\"https:\/\/www.evolvsys.com\/en\/branchenfokus\/automotive\/\" \/>\n<meta property=\"og:site_name\" content=\"evolving systems consulting GmbH\" \/>\n<meta property=\"article:modified_time\" content=\"2024-08-23T07:20:33+00:00\" \/>\n<meta property=\"og:image\" content=\"https:\/\/www.evolvsys.com\/wp-content\/uploads\/2024\/04\/automotive-1.jpg\" \/>\n\t<meta property=\"og:image:width\" content=\"1920\" \/>\n\t<meta property=\"og:image:height\" content=\"1231\" \/>\n\t<meta property=\"og:image:type\" content=\"image\/jpeg\" \/>\n<meta name=\"twitter:card\" content=\"summary_large_image\" \/>\n<meta name=\"twitter:label1\" content=\"Est. reading time\" \/>\n\t<meta name=\"twitter:data1\" content=\"4 minutes\" \/>\n<script type=\"application\/ld+json\" class=\"yoast-schema-graph\">{\"@context\":\"https:\\\/\\\/schema.org\",\"@graph\":[{\"@type\":\"WebPage\",\"@id\":\"https:\\\/\\\/www.evolvsys.com\\\/en\\\/branchenfokus\\\/automotive\\\/\",\"url\":\"https:\\\/\\\/www.evolvsys.com\\\/en\\\/branchenfokus\\\/automotive\\\/\",\"name\":\"Automotive: Entwicklung in der Automobilbranche- esc\",\"isPartOf\":{\"@id\":\"https:\\\/\\\/www.evolvsys.com\\\/en\\\/#website\"},\"primaryImageOfPage\":{\"@id\":\"https:\\\/\\\/www.evolvsys.com\\\/en\\\/branchenfokus\\\/automotive\\\/#primaryimage\"},\"image\":{\"@id\":\"https:\\\/\\\/www.evolvsys.com\\\/en\\\/branchenfokus\\\/automotive\\\/#primaryimage\"},\"thumbnailUrl\":\"https:\\\/\\\/www.evolvsys.com\\\/wp-content\\\/uploads\\\/2024\\\/04\\\/automotive-1.jpg\",\"datePublished\":\"2024-06-11T07:19:17+00:00\",\"dateModified\":\"2024-08-23T07:20:33+00:00\",\"description\":\"Automotive: Entwicklung intelligenter Plattformen und vernetzter Dienstleistungen in der Automobil- und Mobilit\u00e4tsbranche\",\"breadcrumb\":{\"@id\":\"https:\\\/\\\/www.evolvsys.com\\\/en\\\/branchenfokus\\\/automotive\\\/#breadcrumb\"},\"inLanguage\":\"en-US\",\"potentialAction\":[{\"@type\":\"ReadAction\",\"target\":[\"https:\\\/\\\/www.evolvsys.com\\\/en\\\/branchenfokus\\\/automotive\\\/\"]}]},{\"@type\":\"ImageObject\",\"inLanguage\":\"en-US\",\"@id\":\"https:\\\/\\\/www.evolvsys.com\\\/en\\\/branchenfokus\\\/automotive\\\/#primaryimage\",\"url\":\"https:\\\/\\\/www.evolvsys.com\\\/wp-content\\\/uploads\\\/2024\\\/04\\\/automotive-1.jpg\",\"contentUrl\":\"https:\\\/\\\/www.evolvsys.com\\\/wp-content\\\/uploads\\\/2024\\\/04\\\/automotive-1.jpg\",\"width\":1920,\"height\":1231,\"caption\":\"automotive\"},{\"@type\":\"BreadcrumbList\",\"@id\":\"https:\\\/\\\/www.evolvsys.com\\\/en\\\/branchenfokus\\\/automotive\\\/#breadcrumb\",\"itemListElement\":[{\"@type\":\"ListItem\",\"position\":1,\"name\":\"Home\",\"item\":\"https:\\\/\\\/www.evolvsys.com\\\/en\\\/\"},{\"@type\":\"ListItem\",\"position\":2,\"name\":\"Sector focus\",\"item\":\"https:\\\/\\\/www.evolvsys.com\\\/en\\\/branchenfokus\\\/\"},{\"@type\":\"ListItem\",\"position\":3,\"name\":\"Automotive\"}]},{\"@type\":\"WebSite\",\"@id\":\"https:\\\/\\\/www.evolvsys.com\\\/en\\\/#website\",\"url\":\"https:\\\/\\\/www.evolvsys.com\\\/en\\\/\",\"name\":\"evolving systems consulting GmbH\",\"description\":\"\",\"publisher\":{\"@id\":\"https:\\\/\\\/www.evolvsys.com\\\/en\\\/#organization\"},\"alternateName\":\"esc\",\"potentialAction\":[{\"@type\":\"SearchAction\",\"target\":{\"@type\":\"EntryPoint\",\"urlTemplate\":\"https:\\\/\\\/www.evolvsys.com\\\/en\\\/?s={search_term_string}\"},\"query-input\":{\"@type\":\"PropertyValueSpecification\",\"valueRequired\":true,\"valueName\":\"search_term_string\"}}],\"inLanguage\":\"en-US\"},{\"@type\":\"Organization\",\"@id\":\"https:\\\/\\\/www.evolvsys.com\\\/en\\\/#organization\",\"name\":\"evolving systems consulting GmbH\",\"url\":\"https:\\\/\\\/www.evolvsys.com\\\/en\\\/\",\"logo\":{\"@type\":\"ImageObject\",\"inLanguage\":\"en-US\",\"@id\":\"https:\\\/\\\/www.evolvsys.com\\\/en\\\/#\\\/schema\\\/logo\\\/image\\\/\",\"url\":\"https:\\\/\\\/www.evolvsys.com\\\/wp-content\\\/uploads\\\/2023\\\/12\\\/symbol_rgb_color_transparent_background_artwork.png\",\"contentUrl\":\"https:\\\/\\\/www.evolvsys.com\\\/wp-content\\\/uploads\\\/2023\\\/12\\\/symbol_rgb_color_transparent_background_artwork.png\",\"width\":1920,\"height\":1357,\"caption\":\"evolving systems consulting GmbH\"},\"image\":{\"@id\":\"https:\\\/\\\/www.evolvsys.com\\\/en\\\/#\\\/schema\\\/logo\\\/image\\\/\"},\"sameAs\":[\"https:\\\/\\\/www.instagram.com\\\/evolvingsystemsconsulting\\\/\"]}]}<\/script>\n<!-- \/ Yoast SEO plugin. -->","yoast_head_json":{"title":"Automotive: Entwicklung in der Automobilbranche- esc","description":"Automotive: Entwicklung intelligenter Plattformen und vernetzter Dienstleistungen in der Automobil- und Mobilit\u00e4tsbranche","robots":{"index":"index","follow":"follow","max-snippet":"max-snippet:-1","max-image-preview":"max-image-preview:large","max-video-preview":"max-video-preview:-1"},"canonical":"https:\/\/www.evolvsys.com\/en\/branchenfokus\/automotive\/","og_locale":"en_US","og_type":"article","og_title":"Automotive: Entwicklung in der Automobilbranche- esc","og_description":"Automotive: Entwicklung intelligenter Plattformen und vernetzter Dienstleistungen in der Automobil- und Mobilit\u00e4tsbranche","og_url":"https:\/\/www.evolvsys.com\/en\/branchenfokus\/automotive\/","og_site_name":"evolving systems consulting GmbH","article_modified_time":"2024-08-23T07:20:33+00:00","og_image":[{"width":1920,"height":1231,"url":"https:\/\/www.evolvsys.com\/wp-content\/uploads\/2024\/04\/automotive-1.jpg","type":"image\/jpeg"}],"twitter_card":"summary_large_image","twitter_misc":{"Est. reading time":"4 minutes"},"schema":{"@context":"https:\/\/schema.org","@graph":[{"@type":"WebPage","@id":"https:\/\/www.evolvsys.com\/en\/branchenfokus\/automotive\/","url":"https:\/\/www.evolvsys.com\/en\/branchenfokus\/automotive\/","name":"Automotive: Entwicklung in der Automobilbranche- esc","isPartOf":{"@id":"https:\/\/www.evolvsys.com\/en\/#website"},"primaryImageOfPage":{"@id":"https:\/\/www.evolvsys.com\/en\/branchenfokus\/automotive\/#primaryimage"},"image":{"@id":"https:\/\/www.evolvsys.com\/en\/branchenfokus\/automotive\/#primaryimage"},"thumbnailUrl":"https:\/\/www.evolvsys.com\/wp-content\/uploads\/2024\/04\/automotive-1.jpg","datePublished":"2024-06-11T07:19:17+00:00","dateModified":"2024-08-23T07:20:33+00:00","description":"Automotive: Entwicklung intelligenter Plattformen und vernetzter Dienstleistungen in der Automobil- und Mobilit\u00e4tsbranche","breadcrumb":{"@id":"https:\/\/www.evolvsys.com\/en\/branchenfokus\/automotive\/#breadcrumb"},"inLanguage":"en-US","potentialAction":[{"@type":"ReadAction","target":["https:\/\/www.evolvsys.com\/en\/branchenfokus\/automotive\/"]}]},{"@type":"ImageObject","inLanguage":"en-US","@id":"https:\/\/www.evolvsys.com\/en\/branchenfokus\/automotive\/#primaryimage","url":"https:\/\/www.evolvsys.com\/wp-content\/uploads\/2024\/04\/automotive-1.jpg","contentUrl":"https:\/\/www.evolvsys.com\/wp-content\/uploads\/2024\/04\/automotive-1.jpg","width":1920,"height":1231,"caption":"automotive"},{"@type":"BreadcrumbList","@id":"https:\/\/www.evolvsys.com\/en\/branchenfokus\/automotive\/#breadcrumb","itemListElement":[{"@type":"ListItem","position":1,"name":"Home","item":"https:\/\/www.evolvsys.com\/en\/"},{"@type":"ListItem","position":2,"name":"Sector focus","item":"https:\/\/www.evolvsys.com\/en\/branchenfokus\/"},{"@type":"ListItem","position":3,"name":"Automotive"}]},{"@type":"WebSite","@id":"https:\/\/www.evolvsys.com\/en\/#website","url":"https:\/\/www.evolvsys.com\/en\/","name":"evolving systems consulting GmbH","description":"","publisher":{"@id":"https:\/\/www.evolvsys.com\/en\/#organization"},"alternateName":"esc","potentialAction":[{"@type":"SearchAction","target":{"@type":"EntryPoint","urlTemplate":"https:\/\/www.evolvsys.com\/en\/?s={search_term_string}"},"query-input":{"@type":"PropertyValueSpecification","valueRequired":true,"valueName":"search_term_string"}}],"inLanguage":"en-US"},{"@type":"Organization","@id":"https:\/\/www.evolvsys.com\/en\/#organization","name":"evolving systems consulting GmbH","url":"https:\/\/www.evolvsys.com\/en\/","logo":{"@type":"ImageObject","inLanguage":"en-US","@id":"https:\/\/www.evolvsys.com\/en\/#\/schema\/logo\/image\/","url":"https:\/\/www.evolvsys.com\/wp-content\/uploads\/2023\/12\/symbol_rgb_color_transparent_background_artwork.png","contentUrl":"https:\/\/www.evolvsys.com\/wp-content\/uploads\/2023\/12\/symbol_rgb_color_transparent_background_artwork.png","width":1920,"height":1357,"caption":"evolving systems consulting GmbH"},"image":{"@id":"https:\/\/www.evolvsys.com\/en\/#\/schema\/logo\/image\/"},"sameAs":["https:\/\/www.instagram.com\/evolvingsystemsconsulting\/"]}]}},"_links":{"self":[{"href":"https:\/\/www.evolvsys.com\/en\/wp-json\/wp\/v2\/pages\/4190","targetHints":{"allow":["GET"]}}],"collection":[{"href":"https:\/\/www.evolvsys.com\/en\/wp-json\/wp\/v2\/pages"}],"about":[{"href":"https:\/\/www.evolvsys.com\/en\/wp-json\/wp\/v2\/types\/page"}],"author":[{"embeddable":true,"href":"https:\/\/www.evolvsys.com\/en\/wp-json\/wp\/v2\/users\/4"}],"replies":[{"embeddable":true,"href":"https:\/\/www.evolvsys.com\/en\/wp-json\/wp\/v2\/comments?post=4190"}],"version-history":[{"count":6,"href":"https:\/\/www.evolvsys.com\/en\/wp-json\/wp\/v2\/pages\/4190\/revisions"}],"predecessor-version":[{"id":4717,"href":"https:\/\/www.evolvsys.com\/en\/wp-json\/wp\/v2\/pages\/4190\/revisions\/4717"}],"up":[{"embeddable":true,"href":"https:\/\/www.evolvsys.com\/en\/wp-json\/wp\/v2\/pages\/4207"}],"wp:featuredmedia":[{"embeddable":true,"href":"https:\/\/www.evolvsys.com\/en\/wp-json\/wp\/v2\/media\/4082"}],"wp:attachment":[{"href":"https:\/\/www.evolvsys.com\/en\/wp-json\/wp\/v2\/media?parent=4190"}],"curies":[{"name":"wp","href":"https:\/\/api.w.org\/{rel}","templated":true}]}}